{"id":750,"date":"2023-11-28T23:12:31","date_gmt":"2023-11-28T23:12:31","guid":{"rendered":"https:\/\/rikva.webxaa.com\/?page_id=750"},"modified":"2023-11-29T00:15:32","modified_gmt":"2023-11-29T00:15:32","slug":"servicios","status":"publish","type":"page","link":"https:\/\/gruporikva.com\/?page_id=750","title":{"rendered":"Servicios"},"content":{"rendered":"<style>\/*! elementor - v3.17.0 - 08-11-2023 *\/\n.elementor-heading-title{padding:0;margin:0;line-height:1}.elementor-widget-heading .elementor-heading-title[class*=elementor-size-]>a{color:inherit;font-size:inherit;line-height:inherit}.elementor-widget-heading .elementor-heading-title.elementor-size-small{font-size:15px}.elementor-widget-heading .elementor-heading-title.elementor-size-medium{font-size:19px}.elementor-widget-heading .elementor-heading-title.elementor-size-large{font-size:29px}.elementor-widget-heading .elementor-heading-title.elementor-size-xl{font-size:39px}.elementor-widget-heading .elementor-heading-title.elementor-size-xxl{font-size:59px}<\/style>\n<h4>Servicios<\/h4>\n<link rel=\"stylesheet\" href=\"https:\/\/rikva.webxaa.com\/wp-content\/plugins\/elementor\/assets\/css\/widget-icon-box.min.css\">\n<h3>\n\t\t\t\t\t\tCompleta satisfacci\u00f3n<br \/>\n\t\t\t\t<\/h3>\n<p>\n\t\t\t\t\t\tEstamos interesados en trabajar contigo, ayudarte a ser mas productivo. Peri\u00f3dicamente solicitamos una retroalimentaci\u00f3n sobre nuestro desempe\u00f1o, esto con la finalidad de mejorar para ti y poder seguir uniendo fuerzas.\t\t\t\t\t<\/p>\n<h3>\n\t\t\t\t\t\tReducci\u00f3n de tiempos<br \/>\n\t\t\t\t<\/h3>\n<p>\n\t\t\t\t\t\tAl ser un departamento de compras extra, no pierdes tiempo buscando proveedores y seleccionando la mejor opci\u00f3n por que lo hacemos  por ti. \u00a1Todo es m\u00e1s f\u00e1cil!\t\t\t\t\t<\/p>\n<h3>\n\t\t\t\t\t\tAtendemos urgencias<br \/>\n\t\t\t\t<\/h3>\n<p>\n\t\t\t\t\t\tHay situaciones que se salen de nuestro control, por eso nos comprometemos a encontrarte una r\u00e1pida soluci\u00f3n a esos momentos de presi\u00f3n.\t\t\t\t\t<\/p>\n<h3>\n\t\t\t\t\t\tMejoramos el rendimiento<br \/>\n\t\t\t\t<\/h3>\n<p>\n\t\t\t\t\t\tTrabajar con nosotros es tener un departamento  EXTRA, un equipo de trabajo que te ayudar\u00e1 a obtener el m\u00e1ximo beneficio para tu empresa logrando cumplir contus objetivos.\t\t\t\t\t<\/p>\n<h3>\n\t\t\t\t\t\tCubrimos necesidades no cantidades<br \/>\n\t\t\t\t<\/h3>\n<p>\n\t\t\t\t\t\tNo pedimos m\u00ednimo de compra, pero si, compras con sentido.\t\t\t\t\t<\/p>\n<h3>\n\t\t\t\t\t\tSin l\u00edmites<br \/>\n\t\t\t\t<\/h3>\n<p>\n\t\t\t\t\t\tConseguimos desde un alfiler hasta..\t\t\t\t\t<\/p>\n<h3>\n\t\t\t\t\t\tReducimos costos<br \/>\n\t\t\t\t<\/h3>\n<p>\n\t\t\t\t\t\tTenemos un gran n\u00famero de aliados, con los que podemos conseguirte el mejor precio.\t\t\t\t\t<\/p>\n","protected":false},"excerpt":{"rendered":"<p>Servicios Completa satisfacci\u00f3n Estamos interesados en trabajar contigo, ayudarte a ser mas productivo. Peri\u00f3dicamente solicitamos una retroalimentaci\u00f3n sobre nuestro desempe\u00f1o, esto con la finalidad de mejorar para ti y poder seguir uniendo fuerzas. Reducci\u00f3n de tiempos Al ser un departamento de compras extra, no pierdes tiempo buscando proveedores y seleccionando la mejor opci\u00f3n por que [&hellip;]<\/p>\n","protected":false},"author":1,"featured_media":0,"parent":0,"menu_order":0,"comment_status":"closed","ping_status":"closed","template":"","meta":{"footnotes":""},"_links":{"self":[{"href":"https:\/\/gruporikva.com\/index.php?rest_route=\/wp\/v2\/pages\/750"}],"collection":[{"href":"https:\/\/gruporikva.com\/index.php?rest_route=\/wp\/v2\/pages"}],"about":[{"href":"https:\/\/gruporikva.com\/index.php?rest_route=\/wp\/v2\/types\/page"}],"author":[{"embeddable":true,"href":"https:\/\/gruporikva.com\/index.php?rest_route=\/wp\/v2\/users\/1"}],"replies":[{"embeddable":true,"href":"https:\/\/gruporikva.com\/index.php?rest_route=%2Fwp%2Fv2%2Fcomments&post=750"}],"version-history":[{"count":19,"href":"https:\/\/gruporikva.com\/index.php?rest_route=\/wp\/v2\/pages\/750\/revisions"}],"predecessor-version":[{"id":783,"href":"https:\/\/gruporikva.com\/index.php?rest_route=\/wp\/v2\/pages\/750\/revisions\/783"}],"wp:attachment":[{"href":"https:\/\/gruporikva.com\/index.php?rest_route=%2Fwp%2Fv2%2Fmedia&parent=750"}],"curies":[{"name":"wp","href":"https:\/\/api.w.org\/{rel}","templated":true}]}}